{"id":1132,"date":"2016-11-11T23:47:29","date_gmt":"2016-11-11T23:47:29","guid":{"rendered":"http:\/\/www.drokpafilm.com\/?page_id=1132"},"modified":"2024-03-06T20:00:58","modified_gmt":"2024-03-06T20:00:58","slug":"screenings","status":"publish","type":"page","link":"https:\/\/drokpafilm.com\/?page_id=1132","title":{"rendered":"Screenings"},"content":{"rendered":"<h4><span style=\"color: blue;\">Streaming: <\/br><br \/>\n<a href=\"http:\/\/www.kanopy.com\/product\/drokpa\">DROKPA through Kanopy Streaming Service<\/a> <\/br><br \/>\n<a href=\"https:\/\/nomadsoftibet.vhx.tv\">DROKPA through vimeo<\/a><br \/>\n<\/span><br \/>\n<\/h4>\n<h4><span style=\"color: blue;\">Order Home Use DVD: <a href=\"https:\/\/kunaki.com\/sales.asp?PID=PX00T5TL7N&#038;pp=1\">DROKPA Home Use DVD<\/a><\/span><\/h4>\n<h4><span style=\"color: black;\">For all other screening inquires, please email: info@drokpafilm.com<\/span><\/h4>\n<p>&nbsp;<\/p>\n<div>\n<h3>Broadcasts:<\/p>\n<p><img decoding=\"async\" class=\"alignnone size-medium wp-image-1408\" src=\"http:\/\/drokpafilm.com\/wp-content\/uploads\/2018\/05\/arte_logo_2011.svg_-300x74.png\" alt=\"arte_logo_2011.svg\" width=\"280\" align=\"middle\" srcset=\"https:\/\/drokpafilm.com\/wp-content\/uploads\/2018\/05\/arte_logo_2011.svg_-300x74.png 300w, https:\/\/drokpafilm.com\/wp-content\/uploads\/2018\/05\/arte_logo_2011.svg_-180x44.png 180w, https:\/\/drokpafilm.com\/wp-content\/uploads\/2018\/05\/arte_logo_2011.svg_.png 500w\" sizes=\"(max-width: 300px) 100vw, 300px\" \/> <img decoding=\"async\" class=\"alignnone size-medium wp-image-1407\" src=\"http:\/\/drokpafilm.com\/wp-content\/uploads\/2018\/05\/1200px-ORF_logo.svg_-300x128.png\" alt=\"1200px-ORF_logo.svg\" width=\"220\" align=\"middle\" srcset=\"https:\/\/drokpafilm.com\/wp-content\/uploads\/2018\/05\/1200px-ORF_logo.svg_-300x128.png 300w, https:\/\/drokpafilm.com\/wp-content\/uploads\/2018\/05\/1200px-ORF_logo.svg_-768x328.png 768w, https:\/\/drokpafilm.com\/wp-content\/uploads\/2018\/05\/1200px-ORF_logo.svg_-1024x438.png 1024w, https:\/\/drokpafilm.com\/wp-content\/uploads\/2018\/05\/1200px-ORF_logo.svg_-180x77.png 180w, https:\/\/drokpafilm.com\/wp-content\/uploads\/2018\/05\/1200px-ORF_logo.svg_.png 1200w\" sizes=\"(max-width: 300px) 100vw, 300px\" \/> <img decoding=\"async\" src=\"https:\/\/bento.cdn.pbs.org\/hostedbento-prod\/filer_public\/RMPBS\/RMPBS%20LOGOS\/rmpbs2017-logo-header.png\" width=\"300\" align=\"middle\" \/> <img decoding=\"async\" class=\"alignnone size-medium wp-image-1407\" src=\"http:\/\/drokpafilm.com\/wp-content\/uploads\/2019\/09\/743px-Deutsche_Welle_Logo.svg_.png\" width=\"220\" align=\"middle\" \/><\/h3>\n<\/div>\n<h3> <a href=\"http:\/\/www.tibetanchamber.com\/festival\">Tibet Festival<\/a><\/h3>\n<p>Feb 23rd &#8211; Mar 1st, 2023, Bylakuppe, India | Feb 27th &#8211; Mar 5th, 2023, Mundgod, India<\/p>\n<h3>Filmrauschpalast Moabit<\/h3>\n<p>Sept 20, 2020, Berlin, Germany<\/p>\n<h3><a href=\"https:\/\/www.tibetfilmfestival.org\/festival-20\">Tibet Film Festival<\/a><\/h3>\n<p>Sept 12, 2020, Kino Kosmos, Zurich, Switzerland<\/p>\n<h3>FLIM Prague &#8211; Festival of Tibetan Films and Films about Tibet <\/h3>\n<p>Dec 3rd, 2019, Prague, Czech Republic<\/p>\n<h3><a href=\"https:\/\/calendars.illinois.edu\/detail\/3931?eventId=33343072\">Center for East Asian and Pacific Studies, U of Illinois<\/a><\/h3>\n<p>Nov 9th, 2019, Spurlock Museum Knight Auditorium, Urbana, IL<\/p>\n<h3>Kino SVETOZOR<\/h3>\n<p>May 7th, 2019, Prague, Czech Republic<\/p>\n<h3><a href=\"https:\/\/www.weltmuseumwien.at\/en\">Weltmuseum Wien<\/a><\/h3>\n<p>May 5th, 2019, Vienna, Austria<\/p>\n<h3><a href=\"https:\/\/www.criteriontheatre.org\">1932 Criterion Theatre<\/a><\/h3>\n<p>Apr 5th, 7th, 2019, Bar Harbor, ME<\/p>\n<h3>2019 <a href=\"http:\/\/www.asian-studies.org\/Conferences\">Association for Asian Studies (AAS) Film Expo<\/a><\/h3>\n<p>Mar 21st &#8211; 23rd, 2019, Denver, CO<\/p>\n<h3> <a href=\"http:\/\/www.songtsenhouse.ch\/\">Songtsen House<\/a><\/h3>\n<p>Sept 28th, 2018, Albisriederstrasse 379, 8055 Z\u00fcrich, Switzerland<\/p>\n<h3>2018 <a href=\"http:\/\/www.ethnografilm.com\">Ethnografilm Paris<\/a><\/h3>\n<p>Apr 11th &#8211; 15th, 2018, Cin\u00e9 13 Th\u00e9\u00e2tre, Paris, France<\/p>\n<h3>2018 <a href=\"http:\/\/www.worldfilm.ee\">World Film Festival<\/a><\/h3>\n<p>Mar 19th &#8211; 25th, 2018, Estonia National Museum, Tartu, Estonia<\/p>\n<h3>2018 <a href=\"http:\/\/www.gmffestival.org\">Green Mountain Film Festival<\/a><\/h3>\n<p>Mar 16th &#8211; 24th, 2018, Montpelier, VT<br \/>\nFilm to Table Special Event<\/p>\n<h3>2018 <a href=\"http:\/\/www.saltspringfilmfestival.com\">Salt Spring Film Festival<\/a><\/h3>\n<p>Mar 2nd &#8211; 4th, 2018, Salt Spring Island, BC, Canada<br \/>\nAudience favourites<\/p>\n<h3><a href=\"http:\/\/trentofestival.it\/tff-365\/trento-ff-365-il-festival-tutto-lanno\/appuntamenti-prossimamente\/schedule\/35291\/39292\/28195\/1519502400\/drokpa-nomads-of-tibet\">Teatro Parrochiale di Spiazzo<\/a><\/h3>\n<p>Sat Feb 24th, 2018, Spiazzo, Italy<\/p>\n<h3>2018 <a href=\"http:\/\/www.ceff.net\">Colorado Environmental Film Festival<\/a><\/h3>\n<p>Feb 22nd &#8211; 24th, 2018, Golden, Colorado<br \/>\n<a href=\"http:\/\/www.ceff.net\/films-2018\/#\">Drokpa<\/a> screening Fri Feb 23rd 4:00 pm<br \/>\nFoss Auditorium, American Mountaineering Center, 710 10th Street \u2013 Golden, Colorado<\/p>\n<h3>2017 <a href=\"http:\/\/banskofilmfest.com\/en\">Bansko Mountain Film Festival<\/a><\/h3>\n<p>Drokpa screening Thur Nov 23rd, 2017, Bansko, Bulgaria<\/p>\n<h3><a href=\"https:\/\/juneau.shambhala.org\/program-details\/?id=329188\">Juneau Shambhala Center<\/a><\/h3>\n<p>Sat Nov 18th, 2017 4:00 PM &#8211; 6:00 PM, Gold Town Nickelodeon Theater, Juneau, Alaska<\/p>\n<h3>2017 <a href=\"http:\/\/festivaldecineyderechoshumanos.com\">Human Rights Film Festival BARCELONA<\/a><\/h3>\n<p>Nov. 14th &#8211; 24th, Barcelona, Spain<br \/>\n<a href=\"http:\/\/festivaldecineyderechoshumanos.com\/film\/drokpa\">Drokpa<\/a> screening Wed Nov 15th 6:00 PM, Cines Texas<\/p>\n<h3><a href=\"http:\/\/trentofestival.it\/en\/tff-365\/trento-ff-365-the-festival-all-year-round\/upcoming-events\/schedule\/35291\/39219\/33424\/1510348500\/drokpa-nomads-of-tibet\">Trento Film Festival 365<\/a><\/h3>\n<p>Fri Nov. 10th, 2017 Bergamo, Italy<\/p>\n<h3>2017 <a href=\"http:\/\/www.effa.org.au\/\">Environmental Film Festival Australia<\/a><\/h3>\n<p>Oct 12nd &#8211; 16th, Melbourne, Australia<br \/>\n<a href=\"http:\/\/www.effa.org.au\/archive\/\">Drokpa<\/a> screening Sat Oct 14th 9:15pm, Federation Square<\/p>\n<h3>2017 International Film Festival Earth Talks<\/h3>\n<p>Competition Feature Length Documentary<br \/>\nOct 6th &#8211; 12th, Prague, Czech Republic<\/p>\n<h3>2017 <a href=\"https:\/\/www.tieff.org\">Taiwan International Ethnographic Film Festival <\/a><\/h3>\n<p>Oct 6th &#8211; 10th, Taipei, Taiwan<br \/>\n<a href=\"https:\/\/www.tieff.org\/en\/films\/drokpa-nomads-of-tibet\/\">Drokpa<\/a> screening Sat Oct 7th 5:00 PM, Wonderful Theatre<\/p>\n<h3>2017 <a href=\"http:\/\/www.bffe.eu\">Buddhist Film Festival Europe<\/a><\/h3>\n<p>September 29th &#8211; Oct 1st, Amsterdam, the Netherlands<br \/>\n<a href=\"http:\/\/www.bffe.eu\/drokpa-the-last-tibetan-nomads\/\">Drokpa<\/a> screening Sat Sept 30th, 7:00 PM, EYE Film Institute, SOLD OUT<\/p>\n<h3>2017 <a href=\"http:\/\/www.matsalufilm.ee\/\">Matsalu Nature Film Festival<\/a><\/h3>\n<p>September 20th &#8211; 24th, Lihula, Estonia<br \/>\n<a href=\"http:\/\/www.matsalufilm.ee\/en\/entry392\/\">Drokpa<\/a> screening Sat Sept 23th 11:00 AM<\/p>\n<h3>2017 <a href=\"http:\/\/docutah.com\">DOCUTAH<\/a> International Documentary Film Festival<\/h3>\n<p>September 4th &#8211; 9th, Dixie State University, St. George, Utah<br \/>\nWed. September 6th, 10:00am, Sears Art Museum Gallery<br \/>\nThur. September 7th, 4:10pm Eccles Fine Arts Center<\/p>\n<h3><a href=\"http:\/\/sebastopolfilmfestival.org\">Sebastopol Documentary Film Festival<\/a> &#8211; Best of the Fest<\/h3>\n<p>Thur. August 3rd, 7:00pm<br \/>\nSebastopol Center for the Arts<br \/>\n282 S. High St., Sebastopol, CA<\/p>\n<h3><a href=\"https:\/\/impacthubboulder.com\">Impact Hub Boulder<\/a><\/h3>\n<p>Thur. August 3rd, 6:30pm<br \/>\n1877 Broadway, Suite 100, Boulder, CO 80302<\/p>\n<h3><a href=\"https:\/\/promo.lionsroar.com\/buddhafest17\/\">2017 Lion&#8217;s Roar Buddhafest<\/a><\/h3>\n<p>Jun 12 &#8211; July 23<\/p>\n<h3>Dairy Arts Center<\/h3>\n<p>Sun Jun 11th 4:30pm, 7:00pm, SOLD OUT<br \/>\n2590 Walnut St. Boulder, CO<\/p>\n<h3>2017 <a href=\"http:\/\/www.doxafestival.ca\">DOXA Documentary Film Festival<\/a><\/h3>\n<p>May 4th &#8211; 14th, Vancouver, Canada<br \/>\nJustice Forum, <b>EDA Award for Best Female-Directed Feature Documentary<\/b><br \/>\nDrokpa screening Sun. May 7th 12:30pm, Cinematheque, SOLD OUT<\/p>\n<h3>2017 <a href=\"http:\/\/www.ethnocineca.at\/en\/home\/\">Ethnocineca &#8211; International Documentary Film Festival Vienna<\/a><\/h3>\n<p>May 4th &#8211; 10th, Vienna, Austria<br \/>\nExcellence in Visual Anthropology Award Nomination<br \/>\n<a href=\"http:\/\/www.ethnocineca.at\/en\/programme-2017\/films-a-z\/drokpa\">Drokpa<\/a> screening Fri. May 5th 4:30pm, Votiv Kino<\/p>\n<h3>2017 <a href=\"http:\/\/trentofestival.it\/en\">Trento Film Festival<\/a><\/h3>\n<p>April 27th &#8211; May 7th, Trento, Italy<br \/>\nTue May 2nd 7:15pm Modena 2<br \/>\nSat May 6th 3:15pm Modena 1<\/p>\n<h3>2017 <a href=\"http:\/\/athensfilmfest.org\">Athens International Film + Video Festival<\/a><\/h3>\n<p>April 3rd &#8211; 9th, Athens, Ohio<br \/>\nCompetition Feature<br \/>\n<a href=\"http:\/\/athensfilmfest.org\/dropka\">Drokpa<\/a> Screening Tue April 4th 1:15pm, The Athena Cinema<\/p>\n<h3>2017 <a href=\"http:\/\/sebastopolfilmfestival.org\">Sebastopol Documentary Film Festival<\/a><\/h3>\n<p>March 23rd &#8211; 26th, Sebastopol, California, director Q&amp;A, SOLD OUT<br \/>\n<a href=\"http:\/\/sebastopolfilmfestival.org\/films\/drokpa\">Drokpa<\/a> screening Fri. Mar 24th 4:30pm, Rialto Cinemas<\/p>\n<h3>University of Toronto, Center for Buddhist Studies<\/h3>\n<p>Feb 28th 6pm, Toronto, Canada<br \/>\n<a href=\"http:\/\/buddhiststudies.utoronto.ca\/events\/dropka\/\">Drokpa<\/a> Screening &amp; Talk-back with director Yan Chun Su<\/p>\n<h3>2017 <a href=\"https:\/\/www.wildandscenicfilmfestival.org\">Wild &amp; Scenic Environmental Film Festival<\/a><\/h3>\n<p>Jan 12th &#8211; 16th, Nevada City, California, director Q&amp;A<br \/>\nIn Competition<br \/>\n<a href=\"https:\/\/www.wildandscenicfilmfestival.org\/film\/drokpa\">Drokpa<\/a> Screening 1: Sat. Jan 14th 10:00am, Oddfellows @Grass Valley<br \/>\n<a href=\"https:\/\/www.wildandscenicfilmfestival.org\/film\/drokpa\">Drokpa<\/a> Screening 2: Sat. Jan 14th 4:00pm, Friendship Hall @Nevada City, SOLD OUT<\/p>\n<h3>2016 <a href=\"http:\/\/www.anchoragefilmfestival.org\">Anchorage International Film Festival<\/a><\/h3>\n<p>Dec 2nd &#8211; 11th, Anchorage, Alaska<br \/>\nRunner Up, Jury Award for Best Feature Documentary<br \/>\n<a href=\"https:\/\/anchorageinternationalfilmf2016.sched.org\/event\/8NTv\/drokpa\">Drokpa<\/a> screening 1: Dec 3rd 2:00pm &#8211; 3:30pm, Anchorage Museum<br \/>\n<a href=\"https:\/\/anchorageinternationalfilmf2016.sched.org\/event\/8Pe9\/drokpa\">Drokpa<\/a> screening 2: Dec 10th 12:00pm &#8211; 1:30pm, Alaska Experience<\/p>\n<h3>2016 <a href=\"http:\/\/www.amnh.org\/explore\/history-archives\/margaret-mead-film-festival-2016\/films\/drokpa\">Margaret Mead Film Festival<\/a><\/h3>\n<p>Oct 13th &#8211; 16th, New York City, World Premiere with director Q&amp;A<br \/>\nMargaret Mead Film Maker Nomination<br \/>\n<a href=\"http:\/\/www.amnh.org\/explore\/history-archives\/margaret-mead-film-festival-2016\/films\/drokpa\">Drokpa<\/a> screening at American Museum of Natural History<\/p>\n<h3>2016 <a href=\"http:\/\/www.biff1.com\">Boulder International Film Festival<\/a><\/h3>\n<p>March 3rd &#8211; 6th, Boulder, Colorado<br \/>\nWork-in-Progress screening with director Q&amp;A<\/p>\n<h3>CU Boulder Tibetan and Himalayan Studies Group<\/h3>\n<p>Sept. 28th, 2015, University of Colorado, Boulder<br \/>\nSpecial pre-screening and feedback session<\/p>\n","protected":false},"excerpt":{"rendered":"<p>Streaming: DROKPA through Kanopy Streaming Service DROKPA through vimeo Order Home Use DVD: DROKPA Home Use DVD For all other screening inquires, please email: info@drokpafilm.com &nbsp; Broadcasts: Tibet Festival Feb 23rd &#8211; Mar 1st, 2023, Bylakuppe, India | Feb 27th &#8211; Mar 5th, 2023, Mundgod, India Filmrauschpalast Moabit Sept 20, 2020, Berlin, Germany Tibet Film [&hellip;]<\/p>\n","protected":false},"author":1,"featured_media":0,"parent":0,"menu_order":0,"comment_status":"closed","ping_status":"closed","template":"","meta":{"_genesis_hide_title":false,"_genesis_hide_breadcrumbs":false,"_genesis_hide_singular_image":false,"_genesis_hide_footer_widgets":false,"_genesis_custom_body_class":"","_genesis_custom_post_class":"page-screening","_genesis_layout":"","footnotes":""},"_links":{"self":[{"href":"https:\/\/drokpafilm.com\/index.php?rest_route=\/wp\/v2\/pages\/1132"}],"collection":[{"href":"https:\/\/drokpafilm.com\/index.php?rest_route=\/wp\/v2\/pages"}],"about":[{"href":"https:\/\/drokpafilm.com\/index.php?rest_route=\/wp\/v2\/types\/page"}],"author":[{"embeddable":true,"href":"https:\/\/drokpafilm.com\/index.php?rest_route=\/wp\/v2\/users\/1"}],"replies":[{"embeddable":true,"href":"https:\/\/drokpafilm.com\/index.php?rest_route=%2Fwp%2Fv2%2Fcomments&post=1132"}],"version-history":[{"count":1,"href":"https:\/\/drokpafilm.com\/index.php?rest_route=\/wp\/v2\/pages\/1132\/revisions"}],"predecessor-version":[{"id":1498,"href":"https:\/\/drokpafilm.com\/index.php?rest_route=\/wp\/v2\/pages\/1132\/revisions\/1498"}],"wp:attachment":[{"href":"https:\/\/drokpafilm.com\/index.php?rest_route=%2Fwp%2Fv2%2Fmedia&parent=1132"}],"curies":[{"name":"wp","href":"https:\/\/api.w.org\/{rel}","templated":true}]}}